{"id":80,"date":"2017-03-19T16:51:08","date_gmt":"2017-03-19T14:51:08","guid":{"rendered":"http:\/\/psmo.fi\/tekno\/?page_id=80"},"modified":"2019-12-21T14:11:03","modified_gmt":"2019-12-21T12:11:03","slug":"anmalningsblankett-till-intradestestet-2","status":"publish","type":"page","link":"https:\/\/musop.fi\/tekno\/anmalningsblankett-till-intradestestet-2\/","title":{"rendered":"Anm\u00e4lningsblankett till intr\u00e4destestet"},"content":{"rendered":"\n<div class=\"wpcf7 no-js\" id=\"wpcf7-f79-o1\" lang=\"fi\" dir=\"ltr\" data-wpcf7-id=\"79\">\n<div class=\"screen-reader-response\"><p role=\"status\" aria-live=\"polite\" aria-atomic=\"true\"><\/p> <ul><\/ul><\/div>\n<form action=\"\/tekno\/wp-json\/wp\/v2\/pages\/80#wpcf7-f79-o1\" method=\"post\" class=\"wpcf7-form init cf7skins cf7s-wild-west\" aria-label=\"Yhteydenottolomake\" novalidate=\"novalidate\" data-status=\"init\">\n<fieldset class=\"hidden-fields-container\"><input type=\"hidden\" name=\"_wpcf7\" value=\"79\" \/><input type=\"hidden\" name=\"_wpcf7_version\" value=\"6.1.5\" \/><input type=\"hidden\" name=\"_wpcf7_locale\" value=\"fi\" \/><input type=\"hidden\" name=\"_wpcf7_unit_tag\" value=\"wpcf7-f79-o1\" \/><input type=\"hidden\" name=\"_wpcf7_container_post\" value=\"0\" \/><input type=\"hidden\" name=\"_wpcf7_posted_data_hash\" value=\"\" \/>\n<\/fieldset>\nJag s\u00f6ker till Borg\u00e5nejdens musikinstituts\n  <span class=\"wpcf7-form-control-wrap\" data-name=\"radio-558\"><span class=\"wpcf7-form-control wpcf7-radio\"><span class=\"wpcf7-list-item first\"><input type=\"radio\" name=\"radio-558\" value=\"Instrumentundervisning\" checked=\"checked\" \/><span class=\"wpcf7-list-item-label\">Instrumentundervisning<\/span><\/span><span class=\"wpcf7-list-item last\"><input type=\"radio\" name=\"radio-558\" value=\"Pop&amp;Jazz-undervisning\" \/><span class=\"wpcf7-list-item-label\">Pop&amp;Jazz-undervisning<\/span><\/span><\/span><\/span>\nTesttyp\n  <span class=\"wpcf7-form-control-wrap\" data-name=\"radio-336\"><span class=\"wpcf7-form-control wpcf7-radio\"><span class=\"wpcf7-list-item first\"><input type=\"radio\" name=\"radio-336\" value=\"Traditionellt test\" checked=\"checked\" \/><span class=\"wpcf7-list-item-label\">Traditionellt test<\/span><\/span><span class=\"wpcf7-list-item last\"><input type=\"radio\" name=\"radio-336\" value=\"Spela eller sjung dig in-test\" \/><span class=\"wpcf7-list-item-label\">Spela eller sjung dig in-test<\/span><\/span><\/span><\/span>\n<br\/>\n<div class=\"clearfix\">\n<div id=\"left\">\nMitt f\u00f6rstahandsval av instrument\n  <span class=\"wpcf7-form-control-wrap\" data-name=\"menu-767\"><select class=\"wpcf7-form-control wpcf7-select\" aria-invalid=\"false\" name=\"menu-767\"><option value=\"\">&#8212;Valitse vaihtoehto&#8212;<\/option><option value=\"dragspel\">dragspel<\/option><option value=\"kantele\">kantele<\/option><option value=\"harpa\">harpa<\/option><option value=\"violin\">violin<\/option><option value=\"altviolin\">altviolin<\/option><option value=\"cello\">cello<\/option><option value=\"kontrabas\">kontrabas<\/option><option value=\"gitarr\">gitarr<\/option><option value=\"klassisk s\u00e5ng\">klassisk s\u00e5ng<\/option><option value=\"piano\">piano<\/option><option value=\"orgel\">orgel<\/option><option value=\"tv\u00e4rfl\u00f6jt\">tv\u00e4rfl\u00f6jt<\/option><option value=\"blockfl\u00f6jt\">blockfl\u00f6jt<\/option><option value=\"oboe\">oboe<\/option><option value=\"klarinett\">klarinett<\/option><option value=\"saxofon\">saxofon<\/option><option value=\"fagott\">fagott<\/option><option value=\"trumpet\">trumpet<\/option><option value=\"valthorn\">valthorn<\/option><option value=\"basun\">basun<\/option><\/select><\/span>\nMitt alternativa instrument (inte obligatoriskt)\n  <span class=\"wpcf7-form-control-wrap\" data-name=\"menu-768\"><select class=\"wpcf7-form-control wpcf7-select\" aria-invalid=\"false\" name=\"menu-768\"><option value=\"\">&#8212;Valitse vaihtoehto&#8212;<\/option><option value=\"dragspel\">dragspel<\/option><option value=\"kantele\">kantele<\/option><option value=\"harpa\">harpa<\/option><option value=\"violin\">violin<\/option><option value=\"altviolin\">altviolin<\/option><option value=\"cello\">cello<\/option><option value=\"kontrabas\">kontrabas<\/option><option value=\"gitarr\">gitarr<\/option><option value=\"klassisk s\u00e5ng\">klassisk s\u00e5ng<\/option><option value=\"piano\">piano<\/option><option value=\"orgel\">orgel<\/option><option value=\"tv\u00e4rfl\u00f6jt\">tv\u00e4rfl\u00f6jt<\/option><option value=\"blockfl\u00f6jt\">blockfl\u00f6jt<\/option><option value=\"oboe\">oboe<\/option><option value=\"klarinett\">klarinett<\/option><option value=\"saxofon\">saxofon<\/option><option value=\"fagott\">fagott<\/option><option value=\"trumpet\">trumpet<\/option><option value=\"valthorn\">valthorn<\/option><option value=\"basun\">basun<\/option><\/select><\/span>\n<\/div>\n<div id=\"right\">\nF\u00f6rstahandsval om du s\u00f6ker till Pop&Jazz-undervisning\n<span class=\"wpcf7-form-control-wrap\" data-name=\"popjazzsoittimet\"><select class=\"wpcf7-form-control wpcf7-select\" aria-invalid=\"false\" name=\"popjazzsoittimet\"><option value=\"\">&#8212;Valitse vaihtoehto&#8212;<\/option><option value=\"elgitarr\">elgitarr<\/option><option value=\"elbas\">elbas<\/option><option value=\"Pop&amp;Jazz-s\u00e5ng\">Pop&amp;Jazz-s\u00e5ng<\/option><option value=\"Pop&amp;Jazz-piano\">Pop&amp;Jazz-piano<\/option><option value=\"trummor\">trummor<\/option><\/select><\/span>\nAlternativt Pop&Jazz-instrument (inte obligatoriskt)\n<span class=\"wpcf7-form-control-wrap\" data-name=\"popjazzsoittimet2\"><select class=\"wpcf7-form-control wpcf7-select\" aria-invalid=\"false\" name=\"popjazzsoittimet2\"><option value=\"\">&#8212;Valitse vaihtoehto&#8212;<\/option><option value=\"elgitarr\">elgitarr<\/option><option value=\"elbas\">elbas<\/option><option value=\"Pop&amp;Jazz-s\u00e5ng\">Pop&amp;Jazz-s\u00e5ng<\/option><option value=\"Pop&amp;Jazz-piano\">Pop&amp;Jazz-piano<\/option><option value=\"trummor\">trummor<\/option><\/select><\/span>\n<\/div>\n<\/div>\n<hr>\n<div class=\"clearfix\">\n<div id=\"left\">\n<h3>S\u00f6kandens..<\/h3>\n\n<label> Namn\n    <span class=\"wpcf7-form-control-wrap\" data-name=\"your-name\"><input size=\"40\" maxlength=\"400\" class=\"wpcf7-form-control wpcf7-text wpcf7-validates-as-required\" aria-required=\"true\" aria-invalid=\"false\" value=\"\" type=\"text\" name=\"your-name\" \/><\/span> <\/label>\n\n<label> Personsignum\n    <span class=\"wpcf7-form-control-wrap\" data-name=\"sotu\"><input size=\"40\" maxlength=\"400\" class=\"wpcf7-form-control wpcf7-text wpcf7-validates-as-required\" aria-required=\"true\" aria-invalid=\"false\" value=\"\" type=\"text\" name=\"sotu\" \/><\/span> <\/label>\n\n<label> Gatuadress\n    <span class=\"wpcf7-form-control-wrap\" data-name=\"osoite\"><input size=\"40\" maxlength=\"400\" class=\"wpcf7-form-control wpcf7-text wpcf7-validates-as-required\" aria-required=\"true\" aria-invalid=\"false\" value=\"\" type=\"text\" name=\"osoite\" \/><\/span> <\/label>\n\n<label> Postnummer och -anstalt\n    <span class=\"wpcf7-form-control-wrap\" data-name=\"postinumero\"><input size=\"40\" maxlength=\"400\" class=\"wpcf7-form-control wpcf7-text wpcf7-validates-as-required\" aria-required=\"true\" aria-invalid=\"false\" value=\"\" type=\"text\" name=\"postinumero\" \/><\/span> <\/label>\n\n<label> Hemkommun 1.1.2019\n    <span class=\"wpcf7-form-control-wrap\" data-name=\"henkikirjoituskunta\"><input size=\"40\" maxlength=\"400\" class=\"wpcf7-form-control wpcf7-text wpcf7-validates-as-required\" aria-required=\"true\" aria-invalid=\"false\" value=\"\" type=\"text\" name=\"henkikirjoituskunta\" \/><\/span> <\/label>\n\n<label> Telefon\n    <span class=\"wpcf7-form-control-wrap\" data-name=\"puhelin\"><input size=\"40\" maxlength=\"400\" class=\"wpcf7-form-control wpcf7-text wpcf7-validates-as-required\" aria-required=\"true\" aria-invalid=\"false\" value=\"\" type=\"text\" name=\"puhelin\" \/><\/span> <\/label>\n\n<label> Modersm\u00e5l\n    <span class=\"wpcf7-form-control-wrap\" data-name=\"aidinkieli\"><input size=\"40\" maxlength=\"400\" class=\"wpcf7-form-control wpcf7-text wpcf7-validates-as-required\" aria-required=\"true\" aria-invalid=\"false\" value=\"\" type=\"text\" name=\"aidinkieli\" \/><\/span> <\/label>\n\n<label> Skolklass 2019-2020\n    <span class=\"wpcf7-form-control-wrap\" data-name=\"koululuokka\"><input size=\"40\" maxlength=\"400\" class=\"wpcf7-form-control wpcf7-text\" aria-invalid=\"false\" value=\"\" type=\"text\" name=\"koululuokka\" \/><\/span> <\/label>\n<\/div>\n<div id=\"right\">\n<h3>V\u00e5rdnadshavarens..<\/h3>\n\n<label> Namn\n    <span class=\"wpcf7-form-control-wrap\" data-name=\"huoltajannimi\"><input size=\"40\" maxlength=\"400\" class=\"wpcf7-form-control wpcf7-text wpcf7-validates-as-required\" aria-required=\"true\" aria-invalid=\"false\" value=\"\" type=\"text\" name=\"huoltajannimi\" \/><\/span> <\/label>\n\n<label> Personsignum\n    <span class=\"wpcf7-form-control-wrap\" data-name=\"huoltajansotu\"><input size=\"40\" maxlength=\"400\" class=\"wpcf7-form-control wpcf7-text wpcf7-validates-as-required\" aria-required=\"true\" aria-invalid=\"false\" value=\"\" type=\"text\" name=\"huoltajansotu\" \/><\/span> <\/label>\n\n<label> Adress (om den avviker fr\u00e5n den s\u00f6kandes)\n    <span class=\"wpcf7-form-control-wrap\" data-name=\"huoltajanosoite\"><input size=\"40\" maxlength=\"400\" class=\"wpcf7-form-control wpcf7-text\" aria-invalid=\"false\" value=\"\" type=\"text\" name=\"huoltajanosoite\" \/><\/span> <\/label>\n\n<label> Telefonnummer\n    <span class=\"wpcf7-form-control-wrap\" data-name=\"huoltajanpuhelin\"><input size=\"40\" maxlength=\"400\" class=\"wpcf7-form-control wpcf7-text wpcf7-validates-as-required\" aria-required=\"true\" aria-invalid=\"false\" value=\"\" type=\"text\" name=\"huoltajanpuhelin\" \/><\/span> <\/label>\n\n<label> Faktureringsadress\n    <span class=\"wpcf7-form-control-wrap\" data-name=\"laskutusosoite\"><input size=\"40\" maxlength=\"400\" class=\"wpcf7-form-control wpcf7-text wpcf7-validates-as-required\" aria-required=\"true\" aria-invalid=\"false\" value=\"\" type=\"text\" name=\"laskutusosoite\" \/><\/span> <\/label>\n\n<label> E-postadress\n    <span class=\"wpcf7-form-control-wrap\" data-name=\"huoltajansahkoposti\"><input size=\"40\" maxlength=\"400\" class=\"wpcf7-form-control wpcf7-email wpcf7-text wpcf7-validates-as-email\" aria-invalid=\"false\" value=\"\" type=\"email\" name=\"huoltajansahkoposti\" \/><\/span> <\/label>\n<\/div>\n<\/div>\nEventuella tidigare studier\n<span class=\"wpcf7-form-control-wrap\" data-name=\"textarea-582\"><textarea cols=\"40\" rows=\"10\" maxlength=\"2000\" class=\"wpcf7-form-control wpcf7-textarea\" aria-invalid=\"false\" name=\"textarea-582\"><\/textarea><\/span>\n<span class=\"wpcf7-form-control-wrap\" data-name=\"kuvakielto\"><span class=\"wpcf7-form-control wpcf7-checkbox\"><span class=\"wpcf7-list-item first last\"><input type=\"checkbox\" name=\"kuvakielto[]\" value=\"Mina bilder f\u00e5r inte publiceras p\u00e5 musikinstitutets web-sidor\" \/><span class=\"wpcf7-list-item-label\">Mina bilder f\u00e5r inte publiceras p\u00e5 musikinstitutets web-sidor<\/span><\/span><\/span><\/span> \n<input class=\"wpcf7-form-control wpcf7-submit has-spinner\" type=\"submit\" value=\"S\u00e4nd\" \/><div class=\"wpcf7-response-output\" aria-hidden=\"true\"><\/div>\n<\/form>\n<\/div>\n\n<ul>\n<li>Vid \u00e5rsskiftet 2019-20 ordnar vi intr\u00e4destest f\u00f6r nya elever med hemkommun i Lovisa och Lapptr\u00e4sk.<\/li>\n<li>Intr\u00e4destestet h\u00e5lls i Lovisa.<\/li>\n<li>Anm\u00e4lningstid till intr\u00e4destestet \u00e4r 2.12.2019 - 9.1.2010.<\/li>\n<li>Intr\u00e4destest ordnas 14.12.2019 och 11.1.2020.<\/li>\n<li><strong>Den s\u00f6kande reserverar sin testtid i kansliet, tfn 019 520 2549, senast torsdag 9.1.2020.<\/strong><\/li>\n<li>Kung\u00f6relse av resultatet: Testresultatet publiceras p\u00e5 musikinstitutets hemsidor www.psmo.fi (skyddat med l\u00f6senord) och till andra s\u00f6kande per post.<\/li>\n<li>Kanslipersonalen svarar p\u00e5 fr\u00e5gor g\u00e4llande testresultaten.<\/li>\n<li>\u00c4ndringsans\u00f6kan: \u00c4ndring av resultat g\u00e4llande elevantagningen kan ans\u00f6kas hos regionf\u00f6rvaltningsverket inom 14 dagar efter det att beslutet meddelats eleven eller hans v\u00e5rdnadshavare f\u00f6r k\u00e4nnedom. (Lag om konstens grundundervisning nr 633\/1998).<\/li>\n<li>Registerf\u00f6rare: Borg\u00e5nejdens musikinstitut, Brunnsgatan 37, PB 23, 06101 BORG\u00c5, tel. 019 520 2549<\/li>\n<li>Borg\u00e5 verksamhetspunkt: Brunnsgatan 37, 06100 BORG\u00c5, tel. 019 520 2549<\/li>\n<li>M\u00e4nts\u00e4l\u00e4 verksamhetspunkt: Gamla Borg\u00e5v\u00e4gen 15 a, 04600 M\u00c4NTS\u00c4L\u00c4, tel. 019 520 2549<\/li>\n<li>Lovisa verksamhetspunkt: Sibeliusgatan 10, 07900 LOVISA, tel. 019 520 2592<\/li>\n<li>Sibbo verksamhetspunkt: Pilvilinnav\u00e4gen 2 b, 04130 SIBBO, tel. 019 520 2549<\/li>\n<\/ul>\n\n\n<p><\/p>\n","protected":false},"excerpt":{"rendered":"<p>Vid \u00e5rsskiftet 2019-20 ordnar vi intr\u00e4destest f\u00f6r nya elever med hemkommun i Lovisa och Lapptr\u00e4sk. Intr\u00e4destestet h\u00e5lls i Lovisa. Anm\u00e4lningstid till intr\u00e4destestet \u00e4r 2.12.2019 - 9.1.2010. Intr\u00e4destest ordnas 14.12.2019 och 11.1.2020. Den s\u00f6kande reserverar sin testtid i kansliet, tfn 019 520 2549, senast torsdag 9.1.2020. Kung\u00f6relse av resultatet: Testresultatet publiceras p\u00e5 musikinstitutets hemsidor www.psmo.fi (skyddat <a href=\"https:\/\/musop.fi\/tekno\/anmalningsblankett-till-intradestestet-2\/\" class=\"more-link\">...jatka lukemista<span class=\"screen-reader-text\"> \"Anm\u00e4lningsblankett till intr\u00e4destestet\"<\/span><\/a><\/p>\n","protected":false},"author":1,"featured_media":0,"parent":0,"menu_order":0,"comment_status":"closed","ping_status":"closed","template":"template-fullwidth.php","meta":{"footnotes":""},"class_list":["post-80","page","type-page","status-publish","h-entry","hentry","h-as-page"],"_links":{"self":[{"href":"https:\/\/musop.fi\/tekno\/wp-json\/wp\/v2\/pages\/80","targetHints":{"allow":["GET"]}}],"collection":[{"href":"https:\/\/musop.fi\/tekno\/wp-json\/wp\/v2\/pages"}],"about":[{"href":"https:\/\/musop.fi\/tekno\/wp-json\/wp\/v2\/types\/page"}],"author":[{"embeddable":true,"href":"https:\/\/musop.fi\/tekno\/wp-json\/wp\/v2\/users\/1"}],"replies":[{"embeddable":true,"href":"https:\/\/musop.fi\/tekno\/wp-json\/wp\/v2\/comments?post=80"}],"version-history":[{"count":11,"href":"https:\/\/musop.fi\/tekno\/wp-json\/wp\/v2\/pages\/80\/revisions"}],"predecessor-version":[{"id":258,"href":"https:\/\/musop.fi\/tekno\/wp-json\/wp\/v2\/pages\/80\/revisions\/258"}],"wp:attachment":[{"href":"https:\/\/musop.fi\/tekno\/wp-json\/wp\/v2\/media?parent=80"}],"curies":[{"name":"wp","href":"https:\/\/api.w.org\/{rel}","templated":true}]}}