{"id":69,"date":"2017-03-19T10:06:01","date_gmt":"2017-03-19T08:06:01","guid":{"rendered":"http:\/\/psmo.fi\/tekno\/?page_id=69"},"modified":"2019-12-21T14:11:27","modified_gmt":"2019-12-21T12:11:27","slug":"ilmoittautumislomake-sisaanpaasytestiin-2","status":"publish","type":"page","link":"https:\/\/musop.fi\/tekno\/ilmoittautumislomake-sisaanpaasytestiin-2\/","title":{"rendered":"Ilmoittautumislomake sis\u00e4\u00e4np\u00e4\u00e4sytestiin"},"content":{"rendered":"\n<div class=\"wpcf7 no-js\" id=\"wpcf7-f68-o1\" lang=\"fi\" dir=\"ltr\" data-wpcf7-id=\"68\">\n<div class=\"screen-reader-response\"><p role=\"status\" aria-live=\"polite\" aria-atomic=\"true\"><\/p> <ul><\/ul><\/div>\n<form action=\"\/tekno\/wp-json\/wp\/v2\/pages\/69#wpcf7-f68-o1\" method=\"post\" class=\"wpcf7-form init cf7skins cf7s-wild-west\" aria-label=\"Yhteydenottolomake\" novalidate=\"novalidate\" data-status=\"init\">\n<fieldset class=\"hidden-fields-container\"><input type=\"hidden\" name=\"_wpcf7\" value=\"68\" \/><input type=\"hidden\" name=\"_wpcf7_version\" value=\"6.1.5\" \/><input type=\"hidden\" name=\"_wpcf7_locale\" value=\"fi\" \/><input type=\"hidden\" name=\"_wpcf7_unit_tag\" value=\"wpcf7-f68-o1\" \/><input type=\"hidden\" name=\"_wpcf7_container_post\" value=\"0\" \/><input type=\"hidden\" name=\"_wpcf7_posted_data_hash\" value=\"\" \/>\n<\/fieldset>\nHaen Porvoonseudun musiikkiopiston\n  <span class=\"wpcf7-form-control-wrap\" data-name=\"radio-558\"><span class=\"wpcf7-form-control wpcf7-radio\"><span class=\"wpcf7-list-item first\"><input type=\"radio\" name=\"radio-558\" value=\"Soitonopetukseen\" checked=\"checked\" \/><span class=\"wpcf7-list-item-label\">Soitonopetukseen<\/span><\/span><span class=\"wpcf7-list-item last\"><input type=\"radio\" name=\"radio-558\" value=\"Pop&amp;Jazz-opetukseen\" \/><span class=\"wpcf7-list-item-label\">Pop&amp;Jazz-opetukseen<\/span><\/span><\/span><\/span>\nTestimuoto\n  <span class=\"wpcf7-form-control-wrap\" data-name=\"radio-336\"><span class=\"wpcf7-form-control wpcf7-radio\"><span class=\"wpcf7-list-item first\"><input type=\"radio\" name=\"radio-336\" value=\"Perinteinen testi\" checked=\"checked\" \/><span class=\"wpcf7-list-item-label\">Perinteinen testi<\/span><\/span><span class=\"wpcf7-list-item last\"><input type=\"radio\" name=\"radio-336\" value=\"Soittamalla tai laulamalla sis\u00e4\u00e4n-testi\" \/><span class=\"wpcf7-list-item-label\">Soittamalla tai laulamalla sis\u00e4\u00e4n-testi<\/span><\/span><\/span><\/span>\n<br\/>\n<div class=\"clearfix\">\n<div id=\"left\">\nEnsisijainen soitin\n  <span class=\"wpcf7-form-control-wrap\" data-name=\"menu-767\"><select class=\"wpcf7-form-control wpcf7-select\" aria-invalid=\"false\" name=\"menu-767\"><option value=\"\">&#8212;Valitse vaihtoehto&#8212;<\/option><option value=\"harmonikka\">harmonikka<\/option><option value=\"kantele\">kantele<\/option><option value=\"harppu\">harppu<\/option><option value=\"viulu\">viulu<\/option><option value=\"alttoviulu\">alttoviulu<\/option><option value=\"sello\">sello<\/option><option value=\"kontrabasso\">kontrabasso<\/option><option value=\"kitara\">kitara<\/option><option value=\"klassinen laulu\">klassinen laulu<\/option><option value=\"piano\">piano<\/option><option value=\"urut\">urut<\/option><option value=\"poikkihuilu\">poikkihuilu<\/option><option value=\"nokkahuilu\">nokkahuilu<\/option><option value=\"oboe\">oboe<\/option><option value=\"klarinetti\">klarinetti<\/option><option value=\"saksofoni\">saksofoni<\/option><option value=\"fagotti\">fagotti<\/option><option value=\"trumpetti\">trumpetti<\/option><option value=\"k\u00e4yr\u00e4torvi\">k\u00e4yr\u00e4torvi<\/option><option value=\"pasuuna\">pasuuna<\/option><\/select><\/span>\n\nVaihtoehtoinen soitin (ei pakollinen)\n  <span class=\"wpcf7-form-control-wrap\" data-name=\"menu-768\"><select class=\"wpcf7-form-control wpcf7-select\" aria-invalid=\"false\" name=\"menu-768\"><option value=\"\">&#8212;Valitse vaihtoehto&#8212;<\/option><option value=\"harmonikka\">harmonikka<\/option><option value=\"kantele\">kantele<\/option><option value=\"harppu\">harppu<\/option><option value=\"viulu\">viulu<\/option><option value=\"alttoviulu\">alttoviulu<\/option><option value=\"sello\">sello<\/option><option value=\"kontrabasso\">kontrabasso<\/option><option value=\"kitara\">kitara<\/option><option value=\"klassinen laulu\">klassinen laulu<\/option><option value=\"piano\">piano<\/option><option value=\"urut\">urut<\/option><option value=\"poikkihuilu\">poikkihuilu<\/option><option value=\"nokkahuilu\">nokkahuilu<\/option><option value=\"oboe\">oboe<\/option><option value=\"klarinetti\">klarinetti<\/option><option value=\"saksofoni\">saksofoni<\/option><option value=\"fagotti\">fagotti<\/option><option value=\"trumpetti\">trumpetti<\/option><option value=\"k\u00e4yr\u00e4torvi\">k\u00e4yr\u00e4torvi<\/option><option value=\"pasuuna\">pasuuna<\/option><\/select><\/span>\n<\/div>\n<div id=\"right\">\nEnsisijainen soitin, jos haet Pop&Jazz-opetukseen\n<span class=\"wpcf7-form-control-wrap\" data-name=\"popjazzsoittimet\"><select class=\"wpcf7-form-control wpcf7-select\" aria-invalid=\"false\" name=\"popjazzsoittimet\"><option value=\"\">&#8212;Valitse vaihtoehto&#8212;<\/option><option value=\"s\u00e4hk\u00f6kitara\">s\u00e4hk\u00f6kitara<\/option><option value=\"s\u00e4hk\u00f6basso\">s\u00e4hk\u00f6basso<\/option><option value=\"Pop&amp;Jazz-laulu\">Pop&amp;Jazz-laulu<\/option><option value=\"Pop&amp;Jazz-piano\">Pop&amp;Jazz-piano<\/option><option value=\"rummut\">rummut<\/option><\/select><\/span>\n\nVaihtoehtoinen Pop&Jazz-soitin (ei pakollinen)\n<span class=\"wpcf7-form-control-wrap\" data-name=\"popjazzsoittimet2\"><select class=\"wpcf7-form-control wpcf7-select\" aria-invalid=\"false\" name=\"popjazzsoittimet2\"><option value=\"\">&#8212;Valitse vaihtoehto&#8212;<\/option><option value=\"s\u00e4hk\u00f6kitara\">s\u00e4hk\u00f6kitara<\/option><option value=\"s\u00e4hk\u00f6basso\">s\u00e4hk\u00f6basso<\/option><option value=\"Pop&amp;Jazz-laulu\">Pop&amp;Jazz-laulu<\/option><option value=\"Pop&amp;Jazz-piano\">Pop&amp;Jazz-piano<\/option><option value=\"rummut\">rummut<\/option><\/select><\/span>\n<\/div>\n<\/div>\n<hr>\n<div class=\"clearfix\">\n<div id=\"left\">\n<h3>Hakijan..<\/h3>\n\n<label> Nimi\n    <span class=\"wpcf7-form-control-wrap\" data-name=\"your-name\"><input size=\"40\" maxlength=\"400\" class=\"wpcf7-form-control wpcf7-text wpcf7-validates-as-required\" aria-required=\"true\" aria-invalid=\"false\" value=\"\" type=\"text\" name=\"your-name\" \/><\/span> <\/label>\n\n<label> Sotu\n    <span class=\"wpcf7-form-control-wrap\" data-name=\"sotu\"><input size=\"40\" maxlength=\"400\" class=\"wpcf7-form-control wpcf7-text wpcf7-validates-as-required\" aria-required=\"true\" aria-invalid=\"false\" value=\"\" type=\"text\" name=\"sotu\" \/><\/span> <\/label>\n\n<label> L\u00e4hiosoite\n    <span class=\"wpcf7-form-control-wrap\" data-name=\"osoite\"><input size=\"40\" maxlength=\"400\" class=\"wpcf7-form-control wpcf7-text wpcf7-validates-as-required\" aria-required=\"true\" aria-invalid=\"false\" value=\"\" type=\"text\" name=\"osoite\" \/><\/span> <\/label>\n\n<label> Postinumero ja -toimipaikka\n    <span class=\"wpcf7-form-control-wrap\" data-name=\"posti\"><input size=\"40\" maxlength=\"400\" class=\"wpcf7-form-control wpcf7-text wpcf7-validates-as-required\" aria-required=\"true\" aria-invalid=\"false\" value=\"\" type=\"text\" name=\"posti\" \/><\/span> <\/label>\n\n<label> Henkikirjoituskunta 1.1.2019\n    <span class=\"wpcf7-form-control-wrap\" data-name=\"henkikirjoituskunta\"><input size=\"40\" maxlength=\"400\" class=\"wpcf7-form-control wpcf7-text wpcf7-validates-as-required\" aria-required=\"true\" aria-invalid=\"false\" value=\"\" type=\"text\" name=\"henkikirjoituskunta\" \/><\/span> <\/label>\n\n<label> Puhelin\n    <span class=\"wpcf7-form-control-wrap\" data-name=\"puhelin\"><input size=\"40\" maxlength=\"400\" class=\"wpcf7-form-control wpcf7-text wpcf7-validates-as-required\" aria-required=\"true\" aria-invalid=\"false\" value=\"\" type=\"text\" name=\"puhelin\" \/><\/span> <\/label>\n\n<label> \u00c4idinkieli\n    <span class=\"wpcf7-form-control-wrap\" data-name=\"aidinkieli\"><input size=\"40\" maxlength=\"400\" class=\"wpcf7-form-control wpcf7-text wpcf7-validates-as-required\" aria-required=\"true\" aria-invalid=\"false\" value=\"\" type=\"text\" name=\"aidinkieli\" \/><\/span> <\/label>\n\n<label> Koululuokka lukuvuonna 2019-2020\n    <span class=\"wpcf7-form-control-wrap\" data-name=\"koululuokka\"><input size=\"40\" maxlength=\"400\" class=\"wpcf7-form-control wpcf7-text\" aria-invalid=\"false\" value=\"\" type=\"text\" name=\"koululuokka\" \/><\/span> <\/label>\n<\/div>\n<div id=\"right\">\n<h3>Huoltajan..<\/h3>\n\n<label> Nimi\n    <span class=\"wpcf7-form-control-wrap\" data-name=\"huoltajannimi\"><input size=\"40\" maxlength=\"400\" class=\"wpcf7-form-control wpcf7-text wpcf7-validates-as-required\" aria-required=\"true\" aria-invalid=\"false\" value=\"\" type=\"text\" name=\"huoltajannimi\" \/><\/span> <\/label>\n\n<label> Sotu\n    <span class=\"wpcf7-form-control-wrap\" data-name=\"huoltajansotu\"><input size=\"40\" maxlength=\"400\" class=\"wpcf7-form-control wpcf7-text wpcf7-validates-as-required\" aria-required=\"true\" aria-invalid=\"false\" value=\"\" type=\"text\" name=\"huoltajansotu\" \/><\/span> <\/label>\n\n<label> Osoite (mik\u00e4li eri kuin hakijan)\n    <span class=\"wpcf7-form-control-wrap\" data-name=\"huoltajanosoite\"><input size=\"40\" maxlength=\"400\" class=\"wpcf7-form-control wpcf7-text\" aria-invalid=\"false\" value=\"\" type=\"text\" name=\"huoltajanosoite\" \/><\/span> <\/label>\n\n<label> Puhelinnumero\n    <span class=\"wpcf7-form-control-wrap\" data-name=\"huoltajanpuhelin\"><input size=\"40\" maxlength=\"400\" class=\"wpcf7-form-control wpcf7-text wpcf7-validates-as-required\" aria-required=\"true\" aria-invalid=\"false\" value=\"\" type=\"text\" name=\"huoltajanpuhelin\" \/><\/span> <\/label>\n\n<label> Laskutusosoite\n    <span class=\"wpcf7-form-control-wrap\" data-name=\"laskutusosoite\"><input size=\"40\" maxlength=\"400\" class=\"wpcf7-form-control wpcf7-text wpcf7-validates-as-required\" aria-required=\"true\" aria-invalid=\"false\" value=\"\" type=\"text\" name=\"laskutusosoite\" \/><\/span> <\/label>\n\n<label> S\u00e4hk\u00f6posti\n    <span class=\"wpcf7-form-control-wrap\" data-name=\"huoltajansahkoposti\"><input size=\"40\" maxlength=\"400\" class=\"wpcf7-form-control wpcf7-email wpcf7-text wpcf7-validates-as-email\" aria-invalid=\"false\" value=\"\" type=\"email\" name=\"huoltajansahkoposti\" \/><\/span> <\/label>\n<\/div>\n<\/div>\nMahdolliset aikaisemmat opinnot\n<span class=\"wpcf7-form-control-wrap\" data-name=\"textarea-582\"><textarea cols=\"40\" rows=\"10\" maxlength=\"2000\" class=\"wpcf7-form-control wpcf7-textarea\" aria-invalid=\"false\" name=\"textarea-582\"><\/textarea><\/span>\n<span class=\"wpcf7-form-control-wrap\" data-name=\"kuvakielto\"><span class=\"wpcf7-form-control wpcf7-checkbox\"><span class=\"wpcf7-list-item first last\"><input type=\"checkbox\" name=\"kuvakielto[]\" value=\"En salli kuvieni k\u00e4ytt\u00f6\u00e4 musiikkiopiston nettisivuilla\" \/><span class=\"wpcf7-list-item-label\">En salli kuvieni k\u00e4ytt\u00f6\u00e4 musiikkiopiston nettisivuilla<\/span><\/span><\/span><\/span> \n<input class=\"wpcf7-form-control wpcf7-submit has-spinner\" type=\"submit\" value=\"L\u00e4het\u00e4\" \/><div class=\"wpcf7-response-output\" aria-hidden=\"true\"><\/div>\n<\/form>\n<\/div>\n\n<ul>\n<li>Vuodenvaihteen 2019-20 p\u00e4\u00e4sykokeet on suunnattu Loviisan ja Lapinj\u00e4rven asukkaille.<\/li>\n<li>P\u00e4\u00e4sykoe pidet\u00e4\u00e4n Loviisassa.<\/li>\n<li>Ilmoittautumisaika on 2.12.2019 - 9.1.2020.<\/li>\n<li>P\u00e4\u00e4sykokeet j\u00e4rjestet\u00e4\u00e4n lauantaina 14.12.2019 ja 11.1.2020.<\/li>\n<li><strong>Muista varata henkil\u00f6kohtainen testiaikasi kansliasta torstaihin 9.1.2020 menness\u00e4, puh. 019 520 2549<\/strong><\/li>\n<li>Tulosten ilmoittaminen: Oppilaaksi otettujen nimet julkistetaan musiikkiopiston nettisivuilla www.psmo.fi (salasanasuojattu) ja muille hakijoille kotiin l\u00e4hetett\u00e4v\u00e4ll\u00e4 kirjeell\u00e4.<\/li>\n<li>Tarkempia tietoja testituloksista voi kysy\u00e4 kansliasta.<\/li>\n<li>Muutoksenhaku: P\u00e4\u00e4t\u00f6kseen, joka koskee oppilaaksi ottamista, haetaan muutosta aluehallintovirstolta 14 p\u00e4iv\u00e4n kuluessa siit\u00e4, kun p\u00e4\u00e4t\u00f6s on annettu oppilaalle tai h\u00e4nen huoltajalleen tiedoksi (Laki taiteen perusopetuksesta nro 633\/1998)<\/li>\n<li>Rekisterin pit\u00e4j\u00e4: Porvoonseudun musiikkiopisto, Kaivokatu 37, PL 23, 06101 PORVOO, puh. 019 520 2549<\/li>\n<li>Porvoon toimipiste: Kaivokatu 37, 06100 PORVOO, puh. 019 520 2549<\/li>\n<li>M\u00e4nts\u00e4l\u00e4n toimipiste: Vanha Porvoontie 15 a, 04600 M\u00c4NTS\u00c4L\u00c4, puh. 019 520 2549<\/li>\n<li>Loviisan toimipiste: Sibeliuksenkatu 10, 07900 LOVIISA, puh. 019 520 2592<\/li>\n<li>Sipoon toimipiste: Pilvilinnantie 2 b, 04130 SIPOO, puha. 019 520 2549<\/li>\n<\/ul>\n\n\n<p><\/p>\n","protected":false},"excerpt":{"rendered":"<p>Vuodenvaihteen 2019-20 p\u00e4\u00e4sykokeet on suunnattu Loviisan ja Lapinj\u00e4rven asukkaille. P\u00e4\u00e4sykoe pidet\u00e4\u00e4n Loviisassa. Ilmoittautumisaika on 2.12.2019 - 9.1.2020. P\u00e4\u00e4sykokeet j\u00e4rjestet\u00e4\u00e4n lauantaina 14.12.2019 ja 11.1.2020. Muista varata henkil\u00f6kohtainen testiaikasi kansliasta torstaihin 9.1.2020 menness\u00e4, puh. 019 520 2549 Tulosten ilmoittaminen: Oppilaaksi otettujen nimet julkistetaan musiikkiopiston nettisivuilla www.psmo.fi (salasanasuojattu) ja muille hakijoille kotiin l\u00e4hetett\u00e4v\u00e4ll\u00e4 kirjeell\u00e4. Tarkempia tietoja testituloksista voi <a href=\"https:\/\/musop.fi\/tekno\/ilmoittautumislomake-sisaanpaasytestiin-2\/\" class=\"more-link\">...jatka lukemista<span class=\"screen-reader-text\"> \"Ilmoittautumislomake sis\u00e4\u00e4np\u00e4\u00e4sytestiin\"<\/span><\/a><\/p>\n","protected":false},"author":1,"featured_media":0,"parent":0,"menu_order":0,"comment_status":"closed","ping_status":"closed","template":"template-fullwidth.php","meta":{"footnotes":""},"class_list":["post-69","page","type-page","status-publish","h-entry","hentry","h-as-page"],"_links":{"self":[{"href":"https:\/\/musop.fi\/tekno\/wp-json\/wp\/v2\/pages\/69","targetHints":{"allow":["GET"]}}],"collection":[{"href":"https:\/\/musop.fi\/tekno\/wp-json\/wp\/v2\/pages"}],"about":[{"href":"https:\/\/musop.fi\/tekno\/wp-json\/wp\/v2\/types\/page"}],"author":[{"embeddable":true,"href":"https:\/\/musop.fi\/tekno\/wp-json\/wp\/v2\/users\/1"}],"replies":[{"embeddable":true,"href":"https:\/\/musop.fi\/tekno\/wp-json\/wp\/v2\/comments?post=69"}],"version-history":[{"count":12,"href":"https:\/\/musop.fi\/tekno\/wp-json\/wp\/v2\/pages\/69\/revisions"}],"predecessor-version":[{"id":259,"href":"https:\/\/musop.fi\/tekno\/wp-json\/wp\/v2\/pages\/69\/revisions\/259"}],"wp:attachment":[{"href":"https:\/\/musop.fi\/tekno\/wp-json\/wp\/v2\/media?parent=69"}],"curies":[{"name":"wp","href":"https:\/\/api.w.org\/{rel}","templated":true}]}}