{"id":630,"date":"2024-09-19T13:20:54","date_gmt":"2024-09-19T11:20:54","guid":{"rendered":"https:\/\/musop.fi\/muha7\/?page_id=630"},"modified":"2025-08-21T09:41:52","modified_gmt":"2025-08-21T07:41:52","slug":"saate","status":"publish","type":"page","link":"https:\/\/musop.fi\/muha7\/saate\/","title":{"rendered":"Saate"},"content":{"rendered":"\t\t<div data-elementor-type=\"wp-page\" data-elementor-id=\"630\" class=\"elementor elementor-630\">\n\t\t\t\t\t\t<section class=\"elementor-section elementor-top-section elementor-element elementor-element-84dc1bc elementor-section-height-min-height elementor-section-boxed elementor-section-height-default elementor-section-items-middle\" data-id=\"84dc1bc\" data-element_type=\"section\" data-e-type=\"section\" data-settings=\"{&quot;background_background&quot;:&quot;video&quot;,&quot;background_video_link&quot;:&quot;https:\\\/\\\/musop.fi\\\/muha7\\\/wp-content\\\/uploads\\\/2022\\\/09\\\/Untitled-design.mp4&quot;}\">\n\t\t\t\t\t\t\t\t<div class=\"elementor-background-video-container elementor-hidden-mobile\">\n\t\t\t\t\t\t\t\t\t\t\t\t\t<video class=\"elementor-background-video-hosted\" role=\"presentation\" autoplay muted playsinline loop><\/video>\n\t\t\t\t\t\t\t\t\t\t\t<\/div>\n\t\t\t\t\t\t\t\t\t<div class=\"elementor-background-overlay\"><\/div>\n\t\t\t\t\t\t\t<div class=\"elementor-container elementor-column-gap-default\">\n\t\t\t\t\t<div class=\"elementor-column elementor-col-100 elementor-top-column elementor-element elementor-element-888e4ce\" data-id=\"888e4ce\" data-element_type=\"column\" data-e-type=\"column\">\n\t\t\t<div class=\"elementor-widget-wrap elementor-element-populated\">\n\t\t\t\t\t\t<div class=\"elementor-element elementor-element-fce09d8 elementor-widget elementor-widget-heading\" data-id=\"fce09d8\" data-element_type=\"widget\" data-e-type=\"widget\" data-widget_type=\"heading.default\">\n\t\t\t\t<div class=\"elementor-widget-container\">\n\t\t\t\t\t<h2 class=\"elementor-heading-title elementor-size-default\">MUHA 7 - YLEINEN MUSIIKKITIETO<br> SAATE OPINTOIHIN<\/h2>\t\t\t\t<\/div>\n\t\t\t\t<\/div>\n\t\t\t\t\t<\/div>\n\t\t<\/div>\n\t\t\t\t\t<\/div>\n\t\t<\/section>\n\t\t\t\t<section class=\"elementor-section elementor-top-section elementor-element elementor-element-2a54284 elementor-section-boxed elementor-section-height-default elementor-section-height-default\" data-id=\"2a54284\" data-element_type=\"section\" data-e-type=\"section\">\n\t\t\t\t\t\t<div class=\"elementor-container elementor-column-gap-default\">\n\t\t\t\t\t<div class=\"elementor-column elementor-col-100 elementor-top-column elementor-element elementor-element-bb0b67b\" data-id=\"bb0b67b\" data-element_type=\"column\" data-e-type=\"column\">\n\t\t\t<div class=\"elementor-widget-wrap elementor-element-populated\">\n\t\t\t\t\t\t<div class=\"elementor-element elementor-element-aded6d7 elementor-widget elementor-widget-heading\" data-id=\"aded6d7\" data-element_type=\"widget\" data-e-type=\"widget\" data-widget_type=\"heading.default\">\n\t\t\t\t<div class=\"elementor-widget-container\">\n\t\t\t\t\t<h2 class=\"elementor-heading-title elementor-size-default\">Saate kurssille Muha 7 - Yleinen musiikkitieto<\/h2>\t\t\t\t<\/div>\n\t\t\t\t<\/div>\n\t\t\t\t<div class=\"elementor-element elementor-element-1362312 elementor-widget elementor-widget-text-editor\" data-id=\"1362312\" data-element_type=\"widget\" data-e-type=\"widget\" data-widget_type=\"text-editor.default\">\n\t\t\t\t<div class=\"elementor-widget-container\">\n\t\t\t\t\t\t\t\t\t<p>\u00a0<\/p><p><span style=\"color: var( --e-global-color-text ); font-family: var( --e-global-typography-text-font-family ), Sans-serif; font-weight: var( --e-global-typography-text-font-weight ); background-color: var(--global--color-background); font-size: var(--global--font-size-base);\" data-contrast=\"auto\">Muha 7 on yleisen musiikkitiedon kurssi, jossa k\u00e4yd\u00e4\u00e4n l\u00e4pi l\u00e4nsimaisen taidemusiikin tyylisuuntia syvent\u00e4en Musiikin historian peruskurssiin, muha4, verrattuna.\u00a0 Samalla tehd\u00e4\u00e4n lyhyt katsaus rytmimusiikin historiaan sek\u00e4 maailman musiikkiin.\u00a0 Tavoitteena on, ett\u00e4 oppilas kurssin k\u00e4yty\u00e4\u00e4n tuntee ja pystyy tunnistamaan erilaisia musiikkityylej\u00e4.<\/span><span style=\"color: var( --e-global-color-text ); font-family: var( --e-global-typography-text-font-family ), Sans-serif; font-weight: var( --e-global-typography-text-font-weight ); background-color: var(--global--color-background); font-size: var(--global--font-size-base);\">\u00a0\u00a0<\/span><\/p><p><span style=\"color: var( --e-global-color-text ); font-family: var( --e-global-typography-text-font-family ), Sans-serif; font-weight: var( --e-global-typography-text-font-weight ); background-color: var(--global--color-background); font-size: var(--global--font-size-base);\">\u00a0<\/span><\/p><p><span data-contrast=\"auto\">Kurssilla on kotisivu, johon tulee teht\u00e4v\u00e4t sek\u00e4 vihjeit\u00e4 paikoista, joista tietoa l\u00f6ytyy.<\/span>\u00a0<\/p><p><span data-contrast=\"auto\">Lukuvuoden aikana tehd\u00e4\u00e4n seitsem\u00e4n\u00a0 teht\u00e4v\u00e4\u00e4 joista viimeinen on kuuntelukoe.<\/span>\u00a0<br \/><span data-contrast=\"auto\">Oppilaan tulee tehd\u00e4 kaikki teht\u00e4v\u00e4t annetussa aikataulussa.<\/span>\u00a0<br \/><span data-contrast=\"auto\">Kurssi arvostellaan arvosanoin Hyv\u00e4ksytty \/ Hyl\u00e4tty.<\/span>\u00a0<\/p><p><span data-contrast=\"auto\">Kurssin kotisivuilta l\u00f6ytyy teht\u00e4vien julkaisu &#8211; ja palautusajat sek\u00e4 teht\u00e4v\u00e4t ja niihin liittyv\u00e4 ohjeistus.\u00a0 Kurssin kotisivu l\u00f6ytyy seuraavasta internetosoitteesta:<\/span>\u00a0<\/p><p>\u00a0<\/p><p><a href=\"https:\/\/musop.fi\/muha7\"><span data-contrast=\"auto\">https:\/\/musop.fi\/muha7<\/span>\u00a0<\/a><\/p><p>\u00a0<\/p><p><span data-contrast=\"auto\">Ensimm\u00e4inen teht\u00e4v\u00e4 julkaistaan 22.9.2025<\/span>\u00a0<\/p><p>\u00a0<\/p><p><span data-contrast=\"auto\">Kurssin aikana j\u00e4rjestet\u00e4\u00e4n verkkop\u00e4ivystyksi\u00e4, joihin voi tulla kysym\u00e4\u00e4n kurssiin liittyvist\u00e4 asioista.\u00a0 P\u00e4ivystysajat l\u00f6ytyv\u00e4t kurssin kotisivulta.<\/span>\u00a0\u00a0<span style=\"color: var( --e-global-color-text ); font-family: var( --e-global-typography-text-font-family ), Sans-serif; font-weight: var( --e-global-typography-text-font-weight ); background-color: var(--global--color-background); font-size: var(--global--font-size-base);\" data-contrast=\"auto\">Oppilaan on osallistuttava v\u00e4hint\u00e4\u00e4n yhteen verkkop\u00e4ivystykseen lukuvuoden aikana.<\/span><span style=\"color: var( --e-global-color-text ); font-family: var( --e-global-typography-text-font-family ), Sans-serif; font-weight: var( --e-global-typography-text-font-weight ); background-color: var(--global--color-background); font-size: var(--global--font-size-base);\">\u00a0<\/span><\/p><p><span style=\"color: var( --e-global-color-text ); font-family: var( --e-global-typography-text-font-family ), Sans-serif; font-weight: var( --e-global-typography-text-font-weight ); background-color: var(--global--color-background); font-size: var(--global--font-size-base);\">\u00a0<\/span><\/p><p><span data-contrast=\"auto\">L\u00e4het\u00e4n teht\u00e4vien julkaisusta tietoa my\u00f6s s\u00e4hk\u00f6postilla sek\u00e4 laitan viestin kurssilaisten Eepokseen.\u00a0 <\/span><\/p><p><span data-contrast=\"auto\">Jos sinulla ei ole Eepos-tunnukset tallella, ne saa Musiikkiopiston kansliasta<\/span>\u00a0<\/p><p>\u00a0<\/p><p><span data-contrast=\"auto\">019-520 2549; musiikkiopisto@porvoo.fi<\/span>\u00a0<\/p><p>\u00a0<\/p><p><span data-contrast=\"auto\">Teht\u00e4v\u00e4t voi palauttaa minulle Eepoksen kautta tai s\u00e4hk\u00f6postilla osoitteeseen<\/span>\u00a0<\/p><p><span data-contrast=\"auto\">pekka.suominen@porvoo.fi<\/span>\u00a0\u00a0<\/p><p>\u00a0<\/p><p><span data-contrast=\"auto\">Yst\u00e4v\u00e4llisin terveisin<\/span>\u00a0<\/p><p><span data-contrast=\"auto\">Pekka Suominen<\/span>\u00a0<\/p><p><span data-contrast=\"auto\">040-635 1865<\/span>\u00a0<\/p>\t\t\t\t\t\t\t\t<\/div>\n\t\t\t\t<\/div>\n\t\t\t\t\t<\/div>\n\t\t<\/div>\n\t\t\t\t\t<\/div>\n\t\t<\/section>\n\t\t\t\t<\/div>\n\t\t","protected":false},"excerpt":{"rendered":"<p>MUHA 7 &#8211; YLEINEN MUSIIKKITIETO SAATE OPINTOIHIN Saate kurssille Muha 7 &#8211; Yleinen musiikkitieto \u00a0 Muha 7 on yleisen musiikkitiedon kurssi, jossa k\u00e4yd\u00e4\u00e4n l\u00e4pi l\u00e4nsimaisen taidemusiikin tyylisuuntia syvent\u00e4en Musiikin historian peruskurssiin, muha4, verrattuna.\u00a0 Samalla tehd\u00e4\u00e4n lyhyt katsaus rytmimusiikin historiaan sek\u00e4 maailman musiikkiin.\u00a0 Tavoitteena on, ett\u00e4 oppilas kurssin k\u00e4yty\u00e4\u00e4n tuntee ja pystyy tunnistamaan erilaisia musiikkityylej\u00e4.\u00a0\u00a0 \u00a0<a class=\"more-link\" href=\"https:\/\/musop.fi\/muha7\/saate\/\">Continue reading <span class=\"screen-reader-text\">&#8221;Saate&#8221;<\/span><\/a><\/p>\n","protected":false},"author":2,"featured_media":0,"parent":0,"menu_order":0,"comment_status":"closed","ping_status":"closed","template":"elementor_header_footer","meta":{"footnotes":""},"class_list":["post-630","page","type-page","status-publish","hentry","entry"],"_links":{"self":[{"href":"https:\/\/musop.fi\/muha7\/wp-json\/wp\/v2\/pages\/630","targetHints":{"allow":["GET"]}}],"collection":[{"href":"https:\/\/musop.fi\/muha7\/wp-json\/wp\/v2\/pages"}],"about":[{"href":"https:\/\/musop.fi\/muha7\/wp-json\/wp\/v2\/types\/page"}],"author":[{"embeddable":true,"href":"https:\/\/musop.fi\/muha7\/wp-json\/wp\/v2\/users\/2"}],"replies":[{"embeddable":true,"href":"https:\/\/musop.fi\/muha7\/wp-json\/wp\/v2\/comments?post=630"}],"version-history":[{"count":22,"href":"https:\/\/musop.fi\/muha7\/wp-json\/wp\/v2\/pages\/630\/revisions"}],"predecessor-version":[{"id":842,"href":"https:\/\/musop.fi\/muha7\/wp-json\/wp\/v2\/pages\/630\/revisions\/842"}],"wp:attachment":[{"href":"https:\/\/musop.fi\/muha7\/wp-json\/wp\/v2\/media?parent=630"}],"curies":[{"name":"wp","href":"https:\/\/api.w.org\/{rel}","templated":true}]}}