{"id":316,"date":"2023-03-28T16:17:22","date_gmt":"2023-03-28T14:17:22","guid":{"rendered":"https:\/\/musop.fi\/muha7\/?page_id=316"},"modified":"2026-02-23T13:54:16","modified_gmt":"2026-02-23T11:54:16","slug":"tehtava-5","status":"publish","type":"page","link":"https:\/\/musop.fi\/muha7\/tehtava-5\/","title":{"rendered":"Teht\u00e4v\u00e4 5"},"content":{"rendered":"\t\t<div data-elementor-type=\"wp-page\" data-elementor-id=\"316\" class=\"elementor elementor-316\">\n\t\t\t\t\t\t<section class=\"elementor-section elementor-top-section elementor-element elementor-element-84dc1bc elementor-section-height-min-height elementor-section-boxed elementor-section-height-default elementor-section-items-middle\" data-id=\"84dc1bc\" data-element_type=\"section\" data-e-type=\"section\" data-settings=\"{&quot;background_background&quot;:&quot;video&quot;,&quot;background_video_link&quot;:&quot;https:\\\/\\\/musop.fi\\\/muha7\\\/wp-content\\\/uploads\\\/2022\\\/09\\\/Untitled-design.mp4&quot;}\">\n\t\t\t\t\t\t\t\t<div class=\"elementor-background-video-container elementor-hidden-mobile\">\n\t\t\t\t\t\t\t\t\t\t\t\t\t<video class=\"elementor-background-video-hosted\" role=\"presentation\" autoplay muted playsinline loop><\/video>\n\t\t\t\t\t\t\t\t\t\t\t<\/div>\n\t\t\t\t\t\t\t\t\t<div class=\"elementor-background-overlay\"><\/div>\n\t\t\t\t\t\t\t<div class=\"elementor-container elementor-column-gap-default\">\n\t\t\t\t\t<div class=\"elementor-column elementor-col-100 elementor-top-column elementor-element elementor-element-888e4ce\" data-id=\"888e4ce\" data-element_type=\"column\" data-e-type=\"column\">\n\t\t\t<div class=\"elementor-widget-wrap elementor-element-populated\">\n\t\t\t\t\t\t<div class=\"elementor-element elementor-element-fce09d8 elementor-widget elementor-widget-heading\" data-id=\"fce09d8\" data-element_type=\"widget\" data-e-type=\"widget\" data-widget_type=\"heading.default\">\n\t\t\t\t<div class=\"elementor-widget-container\">\n\t\t\t\t\t<h2 class=\"elementor-heading-title elementor-size-default\">TEHT\u00c4V\u00c4 5<\/h2>\t\t\t\t<\/div>\n\t\t\t\t<\/div>\n\t\t\t\t\t<\/div>\n\t\t<\/div>\n\t\t\t\t\t<\/div>\n\t\t<\/section>\n\t\t\t\t<section class=\"elementor-section elementor-top-section elementor-element elementor-element-647f715 elementor-section-boxed elementor-section-height-default elementor-section-height-default\" data-id=\"647f715\" data-element_type=\"section\" data-e-type=\"section\">\n\t\t\t\t\t\t<div class=\"elementor-container elementor-column-gap-default\">\n\t\t\t\t\t<div class=\"elementor-column elementor-col-100 elementor-top-column elementor-element elementor-element-bcc5651\" data-id=\"bcc5651\" data-element_type=\"column\" data-e-type=\"column\">\n\t\t\t<div class=\"elementor-widget-wrap elementor-element-populated\">\n\t\t\t\t\t\t<div class=\"elementor-element elementor-element-cb30797 elementor-widget elementor-widget-heading\" data-id=\"cb30797\" data-element_type=\"widget\" data-e-type=\"widget\" data-widget_type=\"heading.default\">\n\t\t\t\t<div class=\"elementor-widget-container\">\n\t\t\t\t\t<h2 class=\"elementor-heading-title elementor-size-default\">Lukuvuosi 2025 - 2026 <br> Itseopiskelukurssi<br><br>Teht\u00e4v\u00e4 5<\/h2>\t\t\t\t<\/div>\n\t\t\t\t<\/div>\n\t\t\t\t<div class=\"elementor-element elementor-element-3ec1f27 elementor-widget elementor-widget-text-editor\" data-id=\"3ec1f27\" data-element_type=\"widget\" data-e-type=\"widget\" data-widget_type=\"text-editor.default\">\n\t\t\t\t<div class=\"elementor-widget-container\">\n\t\t\t\t\t\t\t\t\t<p>Julkaisu 23.2.2025<br \/>Palautus viimeist\u00e4\u00e4n 17.3.2025<\/p><p>Palautetaan s\u00e4hk\u00f6postilla osoitteeseen: pekka.suominen@porvoo.fi<br \/>Teht\u00e4v\u00e4n voi palauttaa Pekalle my\u00f6s Eepoksen kautta<\/p>\t\t\t\t\t\t\t\t<\/div>\n\t\t\t\t<\/div>\n\t\t\t\t<div class=\"elementor-element elementor-element-018c981 elementor-widget elementor-widget-text-editor\" data-id=\"018c981\" data-element_type=\"widget\" data-e-type=\"widget\" data-widget_type=\"text-editor.default\">\n\t\t\t\t<div class=\"elementor-widget-container\">\n\t\t\t\t\t\t\t\t\t<p><strong>5.<\/strong><\/p><p>Aihe:<br \/>Maailman musiikki<br \/>Erityisesti:<\/p><p style=\"line-height: 1.7;\">1. Latinalaisen Amerikan musiikkiperinteet<br \/>2. Afrikkalainen musiikki<\/p><p style=\"line-height: 1.7;\">3. Aasialainen perinnemusiikki<\/p><p style=\"line-height: 1.7;\">4. Intian musiikki.\u00a0<\/p><p>(my\u00f6s\u00a0https:\/\/fi.wikipedia.org\/wiki\/Intialainen_taidemusiikki)<\/p><p>\u00a0<\/p><p>Tutustu seuraavaan sivustoon:<br \/><a href=\"https:\/\/sites.google.com\/eduespoo.fi\/viherinmusa\/7-lk\/musiikkitieto\/maailmanmusiikki-1\" target=\"_blank\" rel=\"noopener\">https:\/\/sites.google.com\/eduespoo.fi\/viherinmusa\/7-lk\/musiikkitieto\/maailmanmusiikki-1<\/a><\/p><p>\u00a0<\/p><p>Tutustu my\u00f6s alla oleviin videoihin ja hy\u00f6dynn\u00e4 tarvittaessa internetti\u00e4 tai teko\u00e4ly\u00e4 vastatessasi kysymyksiin.<\/p>\t\t\t\t\t\t\t\t<\/div>\n\t\t\t\t<\/div>\n\t\t\t\t<div class=\"elementor-element elementor-element-d813a9e elementor-widget elementor-widget-text-editor\" data-id=\"d813a9e\" data-element_type=\"widget\" data-e-type=\"widget\" data-widget_type=\"text-editor.default\">\n\t\t\t\t<div class=\"elementor-widget-container\">\n\t\t\t\t\t\t\t\t\t<p><b>Vastaa seuraaviin kysymyksiin<\/b><br \/>5.1 Mit\u00e4 eri musiikkityylej\u00e4 kuuluu latinalaisen Amerikan musiikkiin<br \/>5.2 Mit\u00e4 soittimia k\u00e4ytetet\u00e4\u00e4n latinalaisen Amerikan musiikissa (kuuntele alla oleva video Guantanamera; voit k\u00e4ytt\u00e4\u00e4 internetti\u00e4 apunasi soittimien l\u00f6yt\u00e4miseksi)<br \/>5.3\u00a0 Mit\u00e4 tarkoittaa polyrytmiikka?<br \/>5.4. Mit\u00e4 k\u00e4site raaga tarkoittaa intialaisessa taidemusiikissa<\/p>\t\t\t\t\t\t\t\t<\/div>\n\t\t\t\t<\/div>\n\t\t\t\t<div class=\"elementor-element elementor-element-2946b47 elementor-widget elementor-widget-heading\" data-id=\"2946b47\" data-element_type=\"widget\" data-e-type=\"widget\" data-widget_type=\"heading.default\">\n\t\t\t\t<div class=\"elementor-widget-container\">\n\t\t\t\t\t<h2 class=\"elementor-heading-title elementor-size-default\">Etel\u00e4-Amerikka<\/h2>\t\t\t\t<\/div>\n\t\t\t\t<\/div>\n\t\t\t\t<div class=\"elementor-element elementor-element-b3cc647 elementor-widget elementor-widget-video\" data-id=\"b3cc647\" data-element_type=\"widget\" data-e-type=\"widget\" data-settings=\"{&quot;youtube_url&quot;:&quot;https:\\\/\\\/www.youtube.com\\\/watch?v=EqdLxVncwIA&quot;,&quot;video_type&quot;:&quot;youtube&quot;,&quot;controls&quot;:&quot;yes&quot;}\" data-widget_type=\"video.default\">\n\t\t\t\t<div class=\"elementor-widget-container\">\n\t\t\t\t\t\t\t<div class=\"elementor-wrapper elementor-open-inline\">\n\t\t\t<div class=\"elementor-video\"><\/div>\t\t<\/div>\n\t\t\t\t\t\t<\/div>\n\t\t\t\t<\/div>\n\t\t\t\t<div class=\"elementor-element elementor-element-6d4d046 elementor-widget elementor-widget-heading\" data-id=\"6d4d046\" data-element_type=\"widget\" data-e-type=\"widget\" data-widget_type=\"heading.default\">\n\t\t\t\t<div class=\"elementor-widget-container\">\n\t\t\t\t\t<h2 class=\"elementor-heading-title elementor-size-default\">Afrikka<\/h2>\t\t\t\t<\/div>\n\t\t\t\t<\/div>\n\t\t\t\t<div class=\"elementor-element elementor-element-d58a39d elementor-widget elementor-widget-video\" data-id=\"d58a39d\" data-element_type=\"widget\" data-e-type=\"widget\" data-settings=\"{&quot;youtube_url&quot;:&quot;https:\\\/\\\/www.youtube.com\\\/watch?v=hWXoj8XB-mc&quot;,&quot;video_type&quot;:&quot;youtube&quot;,&quot;controls&quot;:&quot;yes&quot;}\" data-widget_type=\"video.default\">\n\t\t\t\t<div class=\"elementor-widget-container\">\n\t\t\t\t\t\t\t<div class=\"elementor-wrapper elementor-open-inline\">\n\t\t\t<div class=\"elementor-video\"><\/div>\t\t<\/div>\n\t\t\t\t\t\t<\/div>\n\t\t\t\t<\/div>\n\t\t\t\t<div class=\"elementor-element elementor-element-e69f270 elementor-widget elementor-widget-heading\" data-id=\"e69f270\" data-element_type=\"widget\" data-e-type=\"widget\" data-widget_type=\"heading.default\">\n\t\t\t\t<div class=\"elementor-widget-container\">\n\t\t\t\t\t<h2 class=\"elementor-heading-title elementor-size-default\">Aasia ja Australia<\/h2>\t\t\t\t<\/div>\n\t\t\t\t<\/div>\n\t\t\t\t<div class=\"elementor-element elementor-element-58b5f0c elementor-widget elementor-widget-video\" data-id=\"58b5f0c\" data-element_type=\"widget\" data-e-type=\"widget\" data-settings=\"{&quot;youtube_url&quot;:&quot;https:\\\/\\\/www.youtube.com\\\/watch?v=jRx1hFLAd4k&quot;,&quot;video_type&quot;:&quot;youtube&quot;,&quot;controls&quot;:&quot;yes&quot;}\" data-widget_type=\"video.default\">\n\t\t\t\t<div class=\"elementor-widget-container\">\n\t\t\t\t\t\t\t<div class=\"elementor-wrapper elementor-open-inline\">\n\t\t\t<div class=\"elementor-video\"><\/div>\t\t<\/div>\n\t\t\t\t\t\t<\/div>\n\t\t\t\t<\/div>\n\t\t\t\t<div class=\"elementor-element elementor-element-223f59f elementor-widget elementor-widget-heading\" data-id=\"223f59f\" data-element_type=\"widget\" data-e-type=\"widget\" data-widget_type=\"heading.default\">\n\t\t\t\t<div class=\"elementor-widget-container\">\n\t\t\t\t\t<h2 class=\"elementor-heading-title elementor-size-default\">Guantanamera<\/h2>\t\t\t\t<\/div>\n\t\t\t\t<\/div>\n\t\t\t\t<div class=\"elementor-element elementor-element-aca1cca elementor-widget elementor-widget-video\" data-id=\"aca1cca\" data-element_type=\"widget\" data-e-type=\"widget\" data-settings=\"{&quot;youtube_url&quot;:&quot;https:\\\/\\\/www.youtube.com\\\/watch?v=fXSiO-ZB3k0&quot;,&quot;video_type&quot;:&quot;youtube&quot;,&quot;controls&quot;:&quot;yes&quot;}\" data-widget_type=\"video.default\">\n\t\t\t\t<div class=\"elementor-widget-container\">\n\t\t\t\t\t\t\t<div class=\"elementor-wrapper elementor-open-inline\">\n\t\t\t<div class=\"elementor-video\"><\/div>\t\t<\/div>\n\t\t\t\t\t\t<\/div>\n\t\t\t\t<\/div>\n\t\t\t\t<div class=\"elementor-element elementor-element-348ab93 elementor-widget elementor-widget-heading\" data-id=\"348ab93\" data-element_type=\"widget\" data-e-type=\"widget\" data-widget_type=\"heading.default\">\n\t\t\t\t<div class=\"elementor-widget-container\">\n\t\t\t\t\t<h2 class=\"elementor-heading-title elementor-size-default\">Helppoja raga esimerkkej\u00e4 englanniksi<\/h2>\t\t\t\t<\/div>\n\t\t\t\t<\/div>\n\t\t\t\t<div class=\"elementor-element elementor-element-16be6b7 elementor-widget elementor-widget-video\" data-id=\"16be6b7\" data-element_type=\"widget\" data-e-type=\"widget\" data-settings=\"{&quot;youtube_url&quot;:&quot;https:\\\/\\\/www.youtube.com\\\/watch?v=3xX_9zMrjL8&quot;,&quot;video_type&quot;:&quot;youtube&quot;,&quot;controls&quot;:&quot;yes&quot;}\" data-widget_type=\"video.default\">\n\t\t\t\t<div class=\"elementor-widget-container\">\n\t\t\t\t\t\t\t<div class=\"elementor-wrapper elementor-open-inline\">\n\t\t\t<div class=\"elementor-video\"><\/div>\t\t<\/div>\n\t\t\t\t\t\t<\/div>\n\t\t\t\t<\/div>\n\t\t\t\t\t<\/div>\n\t\t<\/div>\n\t\t\t\t\t<\/div>\n\t\t<\/section>\n\t\t\t\t<\/div>\n\t\t","protected":false},"excerpt":{"rendered":"<p>TEHT\u00c4V\u00c4 5 Lukuvuosi 2025 &#8211; 2026 Itseopiskelukurssi Teht\u00e4v\u00e4 5 Julkaisu 23.2.2025Palautus viimeist\u00e4\u00e4n 17.3.2025 Palautetaan s\u00e4hk\u00f6postilla osoitteeseen: pekka.suominen@porvoo.fiTeht\u00e4v\u00e4n voi palauttaa Pekalle my\u00f6s Eepoksen kautta 5. Aihe:Maailman musiikkiErityisesti: 1. Latinalaisen Amerikan musiikkiperinteet2. Afrikkalainen musiikki 3. Aasialainen perinnemusiikki 4. Intian musiikki.\u00a0 (my\u00f6s\u00a0https:\/\/fi.wikipedia.org\/wiki\/Intialainen_taidemusiikki) \u00a0 Tutustu seuraavaan sivustoon:https:\/\/sites.google.com\/eduespoo.fi\/viherinmusa\/7-lk\/musiikkitieto\/maailmanmusiikki-1 \u00a0 Tutustu my\u00f6s alla oleviin videoihin ja hy\u00f6dynn\u00e4 tarvittaessa internetti\u00e4 tai teko\u00e4ly\u00e4<a class=\"more-link\" href=\"https:\/\/musop.fi\/muha7\/tehtava-5\/\">Continue reading <span class=\"screen-reader-text\">&#8221;Teht\u00e4v\u00e4 5&#8221;<\/span><\/a><\/p>\n","protected":false},"author":2,"featured_media":0,"parent":0,"menu_order":0,"comment_status":"closed","ping_status":"closed","template":"elementor_header_footer","meta":{"footnotes":""},"class_list":["post-316","page","type-page","status-publish","hentry","entry"],"_links":{"self":[{"href":"https:\/\/musop.fi\/muha7\/wp-json\/wp\/v2\/pages\/316","targetHints":{"allow":["GET"]}}],"collection":[{"href":"https:\/\/musop.fi\/muha7\/wp-json\/wp\/v2\/pages"}],"about":[{"href":"https:\/\/musop.fi\/muha7\/wp-json\/wp\/v2\/types\/page"}],"author":[{"embeddable":true,"href":"https:\/\/musop.fi\/muha7\/wp-json\/wp\/v2\/users\/2"}],"replies":[{"embeddable":true,"href":"https:\/\/musop.fi\/muha7\/wp-json\/wp\/v2\/comments?post=316"}],"version-history":[{"count":91,"href":"https:\/\/musop.fi\/muha7\/wp-json\/wp\/v2\/pages\/316\/revisions"}],"predecessor-version":[{"id":976,"href":"https:\/\/musop.fi\/muha7\/wp-json\/wp\/v2\/pages\/316\/revisions\/976"}],"wp:attachment":[{"href":"https:\/\/musop.fi\/muha7\/wp-json\/wp\/v2\/media?parent=316"}],"curies":[{"name":"wp","href":"https:\/\/api.w.org\/{rel}","templated":true}]}}